{"id":36,"date":"2017-11-17T16:16:11","date_gmt":"2017-11-17T16:16:11","guid":{"rendered":"https:\/\/www.kotipaljakka.fi\/?page_id=36"},"modified":"2017-12-06T21:56:34","modified_gmt":"2017-12-06T19:56:34","slug":"paljakka-info","status":"publish","type":"page","link":"https:\/\/www.kotipaljakka.fi\/en\/index.php\/paljakka-info\/","title":{"rendered":"Paljakka info"},"content":{"rendered":"<p><img data-recalc-dims=\"1\" fetchpriority=\"high\" decoding=\"async\" data-attachment-id=\"89\" data-permalink=\"https:\/\/www.kotipaljakka.fi\/en\/index.php\/paljakka-info\/dsc_1381\/\" data-orig-file=\"https:\/\/i0.wp.com\/www.kotipaljakka.fi\/wp-content\/uploads\/2017\/11\/DSC_1381.jpg?fit=3840%2C2160&amp;ssl=1\" data-orig-size=\"3840,2160\" data-comments-opened=\"0\" data-image-meta=\"{&quot;aperture&quot;:&quot;2&quot;,&quot;credit&quot;:&quot;&quot;,&quot;camera&quot;:&quot;D5503&quot;,&quot;caption&quot;:&quot;&quot;,&quot;created_timestamp&quot;:&quot;1508060365&quot;,&quot;copyright&quot;:&quot;&quot;,&quot;focal_length&quot;:&quot;4.9&quot;,&quot;iso&quot;:&quot;80&quot;,&quot;shutter_speed&quot;:&quot;0.03125&quot;,&quot;title&quot;:&quot;&quot;,&quot;orientation&quot;:&quot;1&quot;}\" data-image-title=\"DSC_1381\" data-image-description=\"&lt;p&gt;puro sillalta, rakennusj\u00e4rven kiert\u00e4v\u00e4lt\u00e4 polulta&lt;\/p&gt;\n\" data-image-caption=\"&lt;p&gt;puro&lt;\/p&gt;\n\" data-large-file=\"https:\/\/i0.wp.com\/www.kotipaljakka.fi\/wp-content\/uploads\/2017\/11\/DSC_1381.jpg?fit=640%2C360&amp;ssl=1\" class=\"alignleft wp-image-89\" src=\"https:\/\/i0.wp.com\/www.kotipaljakka.fi\/wp-content\/uploads\/2017\/11\/DSC_1381.jpg?resize=640%2C360&#038;ssl=1\" alt=\"\" width=\"640\" height=\"360\" srcset=\"https:\/\/i0.wp.com\/www.kotipaljakka.fi\/wp-content\/uploads\/2017\/11\/DSC_1381.jpg?resize=1024%2C576&amp;ssl=1 1024w, https:\/\/i0.wp.com\/www.kotipaljakka.fi\/wp-content\/uploads\/2017\/11\/DSC_1381.jpg?resize=300%2C169&amp;ssl=1 300w, https:\/\/i0.wp.com\/www.kotipaljakka.fi\/wp-content\/uploads\/2017\/11\/DSC_1381.jpg?resize=768%2C432&amp;ssl=1 768w, https:\/\/i0.wp.com\/www.kotipaljakka.fi\/wp-content\/uploads\/2017\/11\/DSC_1381.jpg?resize=100%2C56&amp;ssl=1 100w, https:\/\/i0.wp.com\/www.kotipaljakka.fi\/wp-content\/uploads\/2017\/11\/DSC_1381.jpg?w=1280&amp;ssl=1 1280w, https:\/\/i0.wp.com\/www.kotipaljakka.fi\/wp-content\/uploads\/2017\/11\/DSC_1381.jpg?w=1920&amp;ssl=1 1920w\" sizes=\"(max-width: 640px) 100vw, 640px\" \/><\/p>\n<h2 class=\"m_204819700875282319Vliotsikko\"><span lang=\"EN-US\">Paljakka<u><\/u><u><\/u><\/span><\/h2>\n<p class=\"m_204819700875282319Leipis\"><span lang=\"EN-US\">The holiday resort Paljakka is an all-year holiday destination located in the middle of most beautiful, pristine natural environment, in Northern Finland, one hour from Kajaani Airport.<u><\/u><u><\/u><\/span><\/p>\n<p class=\"m_204819700875282319Leipis\"><span lang=\"EN-US\">Paljakka has for long successfully provided domestic customers with an attractive and interesting year-round destination. Encouraged by the positive feedback from the foreign customers, Paljakka\u2019s focus in marketing is now turned for international markets.<u><\/u><u><\/u><\/span><\/p>\n<p class=\"m_204819700875282319Leipis\"><span lang=\"EN-US\">Paljakka is a snow-reliable destination. Good news for the lovers of Finnish winter activities. Snow guaranteed! Summertime you trek on trails through Finland\u2019s oldest ancient woodland. Hikers, berry and mushroom pickers, geocaching enthusiasts and fishers will have the time of their lives exploring the summer wilderness. In addition to relaxing in nature, you can hop onto and ATV, horse or (fat\/mountain) bike all-year round.<u><\/u><u><\/u><\/span><\/p>\n<h2 class=\"m_204819700875282319Vliotsikko\"><span lang=\"EN-US\"><br \/>\n<\/span>Airports<u><\/u><u><\/u><\/h2>\n<p class=\"m_204819700875282319Leipis\">Kajaani (75 km \/ 50 min), Oulu (170 km \/ 2,5 hours), Kuusamo<u><\/u><u><\/u><\/p>\n<p class=\"m_204819700875282319Leipis\"><span lang=\"EN-US\">(200 km \/ 2,5 hours), Rovaniemi (280 km \/ 3 hours).<u><\/u><u><\/u><\/span><\/p>\n<h2>Winter activities<\/h2>\n<p>Cross-Country Skiing<br \/>\nDownhill skiing<br \/>\nSnow shoeing<br \/>\nSnowmobiling<br \/>\nWinter fatbikes<\/p>\n<p>A weekend or a longer winter holiday at the glorious hillside of Paljakka will offer lots and lots to do for everybody. You will not get bored here! We offer speedy downhill skiing at the 30 slopes and 4 snow parks of Paljakka and Ukonhalla. It\u2019s possible to try out downhill skiing outside of the slopes on the untouched powder snow, and the Snowpark has jumps and rails for the bold and seasoned skiers. You can also rent the needed equipment at Paljakka, and beginners can join the skiing school, where they will be provided with guidance for the slopes and skiing trails.<\/p>\n<p>There are plenty of suitable and varying places for snowshoeing in the Paljakka area, and you can take off to a walking route straight from the rental shop. For example, try climbing on top of the Paljakka hill or a trip to Rakennusj\u00e4rvi to grill sausages on open fire. There\u2019s also over 100 kilometers of top condition skiing trails at your disposal. Part of them run through in the vicinity of the natural park amidst the glorious evergreen forests, where you can enjoy the silence and admire the winter beauty. There are great possibilities for ice fishing at the fishing park or surrounding lakes, without forgetting the amazing wilderness lake at the top of the hill. You can catch large perch, whitefish or even brook trout, or brown trout.<\/p>\n<p>If you want something more exciting to do on your vacation, you can rent snowmobiles and take off on a trip on your own. We also offer snowmobile safaris suitable for your skills and time. Come enjoy the beautiful winter of Finland at Paljakka!<\/p>\n<p><strong>Diverse slopes invite you to downhill skiing<\/strong><\/p>\n<p>Ukkohalla and Paljakka have merged and with one ticket you are free to use the slopes of both skiing centers. With the Skibus you can switch centers in the middle of the day, the trip takes only approximately 20 minutes.<\/p>\n<p>The excitement of snowmobiling for big and small!<\/p>\n<p>Rent your own snowmobile and go on an adventure to the hilly landscape. Snowmobile safaris offer a safe and expert snowmobiling for snowmobilers. We rent cheap snowmobiles for kids, and we have a safe snowmobiling area for practicing purposes.<\/p>\n<p class=\"m_204819700875282319Leipis\"><span lang=\"EN-US\"><img data-recalc-dims=\"1\" decoding=\"async\" data-attachment-id=\"73\" data-permalink=\"https:\/\/www.kotipaljakka.fi\/en\/index.php\/paljakka-info\/paljakka_rinnekartta\/\" data-orig-file=\"https:\/\/i0.wp.com\/www.kotipaljakka.fi\/wp-content\/uploads\/2017\/11\/paljakka_rinnekartta.jpg?fit=1400%2C820&amp;ssl=1\" data-orig-size=\"1400,820\" data-comments-opened=\"0\" data-image-meta=\"{&quot;aperture&quot;:&quot;0&quot;,&quot;credit&quot;:&quot;&quot;,&quot;camera&quot;:&quot;&quot;,&quot;caption&quot;:&quot;&quot;,&quot;created_timestamp&quot;:&quot;0&quot;,&quot;copyright&quot;:&quot;&quot;,&quot;focal_length&quot;:&quot;0&quot;,&quot;iso&quot;:&quot;0&quot;,&quot;shutter_speed&quot;:&quot;0&quot;,&quot;title&quot;:&quot;&quot;,&quot;orientation&quot;:&quot;1&quot;}\" data-image-title=\"paljakka_rinnekartta\" data-image-description=\"&lt;p&gt;Paljakassa riitt\u00e4\u00e4 rinteit\u00e4..&lt;\/p&gt;\n\" data-image-caption=\"&lt;p&gt;Paljakan rinteet&lt;\/p&gt;\n\" data-large-file=\"https:\/\/i0.wp.com\/www.kotipaljakka.fi\/wp-content\/uploads\/2017\/11\/paljakka_rinnekartta.jpg?fit=640%2C375&amp;ssl=1\" class=\"alignleft wp-image-73\" src=\"https:\/\/i0.wp.com\/www.kotipaljakka.fi\/wp-content\/uploads\/2017\/11\/paljakka_rinnekartta.jpg?resize=640%2C375&#038;ssl=1\" alt=\"\" width=\"640\" height=\"375\" srcset=\"https:\/\/i0.wp.com\/www.kotipaljakka.fi\/wp-content\/uploads\/2017\/11\/paljakka_rinnekartta.jpg?resize=1024%2C600&amp;ssl=1 1024w, https:\/\/i0.wp.com\/www.kotipaljakka.fi\/wp-content\/uploads\/2017\/11\/paljakka_rinnekartta.jpg?resize=300%2C176&amp;ssl=1 300w, https:\/\/i0.wp.com\/www.kotipaljakka.fi\/wp-content\/uploads\/2017\/11\/paljakka_rinnekartta.jpg?resize=768%2C450&amp;ssl=1 768w, https:\/\/i0.wp.com\/www.kotipaljakka.fi\/wp-content\/uploads\/2017\/11\/paljakka_rinnekartta.jpg?resize=100%2C59&amp;ssl=1 100w, https:\/\/i0.wp.com\/www.kotipaljakka.fi\/wp-content\/uploads\/2017\/11\/paljakka_rinnekartta.jpg?w=1400&amp;ssl=1 1400w, https:\/\/i0.wp.com\/www.kotipaljakka.fi\/wp-content\/uploads\/2017\/11\/paljakka_rinnekartta.jpg?w=1280&amp;ssl=1 1280w\" sizes=\"(max-width: 640px) 100vw, 640px\" \/><\/span><\/p>\n<p class=\"m_204819700875282319Leipis\"><span lang=\"EN-US\"><u><\/u>\u00a0<u><\/u><\/span><\/p>\n<h2 class=\"m_204819700875282319Vliotsikko\"><span lang=\"EN-US\">Activities Summer<u><\/u><u><\/u><\/span><\/h2>\n<p class=\"m_204819700875282319Leipis\"><span lang=\"EN-US\">ATV, canoeing, fat and mountain biking, fishing, hiking, riding.<\/span><\/p>\n<div class=\"wpb_text_column wpb_content_element \">\n<div class=\"wpb_wrapper\">\n<p><img data-recalc-dims=\"1\" decoding=\"async\" width=\"640\" height=\"360\" data-attachment-id=\"89\" data-permalink=\"https:\/\/www.kotipaljakka.fi\/en\/index.php\/paljakka-info\/dsc_1381\/\" data-orig-file=\"https:\/\/i0.wp.com\/www.kotipaljakka.fi\/wp-content\/uploads\/2017\/11\/DSC_1381.jpg?fit=3840%2C2160&amp;ssl=1\" data-orig-size=\"3840,2160\" data-comments-opened=\"0\" data-image-meta=\"{&quot;aperture&quot;:&quot;2&quot;,&quot;credit&quot;:&quot;&quot;,&quot;camera&quot;:&quot;D5503&quot;,&quot;caption&quot;:&quot;&quot;,&quot;created_timestamp&quot;:&quot;1508060365&quot;,&quot;copyright&quot;:&quot;&quot;,&quot;focal_length&quot;:&quot;4.9&quot;,&quot;iso&quot;:&quot;80&quot;,&quot;shutter_speed&quot;:&quot;0.03125&quot;,&quot;title&quot;:&quot;&quot;,&quot;orientation&quot;:&quot;1&quot;}\" data-image-title=\"DSC_1381\" data-image-description=\"&lt;p&gt;puro sillalta, rakennusj\u00e4rven kiert\u00e4v\u00e4lt\u00e4 polulta&lt;\/p&gt;\n\" data-image-caption=\"&lt;p&gt;puro&lt;\/p&gt;\n\" data-large-file=\"https:\/\/i0.wp.com\/www.kotipaljakka.fi\/wp-content\/uploads\/2017\/11\/DSC_1381.jpg?fit=640%2C360&amp;ssl=1\" class=\"alignleft size-large wp-image-89\" src=\"https:\/\/i0.wp.com\/www.kotipaljakka.fi\/wp-content\/uploads\/2017\/11\/DSC_1381.jpg?resize=640%2C360&#038;ssl=1\" alt=\"\" srcset=\"https:\/\/i0.wp.com\/www.kotipaljakka.fi\/wp-content\/uploads\/2017\/11\/DSC_1381.jpg?resize=1024%2C576&amp;ssl=1 1024w, https:\/\/i0.wp.com\/www.kotipaljakka.fi\/wp-content\/uploads\/2017\/11\/DSC_1381.jpg?resize=300%2C169&amp;ssl=1 300w, https:\/\/i0.wp.com\/www.kotipaljakka.fi\/wp-content\/uploads\/2017\/11\/DSC_1381.jpg?resize=768%2C432&amp;ssl=1 768w, https:\/\/i0.wp.com\/www.kotipaljakka.fi\/wp-content\/uploads\/2017\/11\/DSC_1381.jpg?resize=100%2C56&amp;ssl=1 100w, https:\/\/i0.wp.com\/www.kotipaljakka.fi\/wp-content\/uploads\/2017\/11\/DSC_1381.jpg?w=1280&amp;ssl=1 1280w, https:\/\/i0.wp.com\/www.kotipaljakka.fi\/wp-content\/uploads\/2017\/11\/DSC_1381.jpg?w=1920&amp;ssl=1 1920w\" sizes=\"(max-width: 640px) 100vw, 640px\" \/><\/p>\n<\/div>\n<\/div>\n<h2 class=\"title\">Fishing in Kainuu<\/h2>\n<div class=\"region region-content\">\n<div id=\"block-system-main\" class=\"block block-system block-odd first last\">\n<div class=\"block-inner\">\n<div class=\"content\">\n<article id=\"node-261\" class=\"node node-page node-even\">\n<div class=\"content\">\n<div class=\"field field-name-body field-type-text-with-summary field-label-hidden\">\n<div class=\"field-items\">\n<div class=\"field-item even\">\n<p>\u00a0The lakes and rivers of Kainuu region offer all the different types of Finnish fishing waters at once. You can fish on the wide pelagic of the Lake Ouluj\u00e4rvi, &#8220;the sea of Kainuu&#8221; as well as on the hundreds of forest lakes and rivers.<\/p>\n<\/div>\n<\/div>\n<\/div>\n<\/div>\n<\/article>\n<\/div>\n<\/div>\n<\/div>\n<\/div>\n","protected":false},"excerpt":{"rendered":"<p>Paljakka The holiday resort Paljakka is an all-year holiday destination located in the middle of most beautiful, pristine natural environment, in Northern Finland, one hour from Kajaani Airport. Paljakka has for long successfully provided domestic customers with an attractive and interesting year-round destination. Encouraged by the positive feedback from the foreign customers, Paljakka\u2019s focus in [&hellip;]<\/p>\n","protected":false},"author":1,"featured_media":0,"parent":0,"menu_order":0,"comment_status":"closed","ping_status":"closed","template":"","meta":{"jetpack_post_was_ever_published":false,"footnotes":""},"class_list":["post-36","page","type-page","status-publish","hentry"],"translation":{"provider":"WPGlobus","version":"3.0.2","language":"en","enabled_languages":["fi","en","ru"],"languages":{"fi":{"title":true,"content":true,"excerpt":false},"en":{"title":false,"content":true,"excerpt":false},"ru":{"title":false,"content":true,"excerpt":false}}},"yoast_head":"<!-- This site is optimized with the Yoast SEO plugin v27.4 - https:\/\/yoast.com\/product\/yoast-seo-wordpress\/ -->\n<title>Paljakka info - KOTIPALJAKKA<\/title>\n<meta name=\"robots\" content=\"index, follow, max-snippet:-1, max-image-preview:large, max-video-preview:-1\" \/>\n<link rel=\"canonical\" href=\"https:\/\/www.kotipaljakka.fi\/ru\/index.php\/paljakka-info\/\" \/>\n<meta property=\"og:locale\" content=\"en_US\" \/>\n<meta property=\"og:type\" content=\"article\" \/>\n<meta property=\"og:title\" content=\"Paljakka info - KOTIPALJAKKA\" \/>\n<meta property=\"og:url\" content=\"https:\/\/www.kotipaljakka.fi\/ru\/index.php\/paljakka-info\/\" \/>\n<meta property=\"og:site_name\" content=\"KOTIPALJAKKA\" \/>\n<meta property=\"article:modified_time\" content=\"2017-12-06T19:56:34+00:00\" \/>\n<meta property=\"og:image\" content=\"https:\/\/www.kotipaljakka.fi\/wp-content\/uploads\/2017\/11\/lampi-rinteen-juurella.jpg\" \/>\n<meta name=\"twitter:card\" content=\"summary_large_image\" \/>\n<meta name=\"twitter:label1\" content=\"Est. reading time\" \/>\n\t<meta name=\"twitter:data1\" content=\"4 minutes\" \/>\n<script type=\"application\/ld+json\" class=\"yoast-schema-graph\">{\"@context\":\"https:\\\/\\\/schema.org\",\"@graph\":[{\"@type\":\"WebPage\",\"@id\":\"https:\\\/\\\/www.kotipaljakka.fi\\\/ru\\\/index.php\\\/paljakka-info\\\/\",\"url\":\"https:\\\/\\\/www.kotipaljakka.fi\\\/ru\\\/index.php\\\/paljakka-info\\\/\",\"name\":\"Paljakka info - KOTIPALJAKKA\",\"isPartOf\":{\"@id\":\"https:\\\/\\\/www.kotipaljakka.fi\\\/en\\\/#website\"},\"primaryImageOfPage\":{\"@id\":\"https:\\\/\\\/www.kotipaljakka.fi\\\/ru\\\/index.php\\\/paljakka-info\\\/#primaryimage\"},\"image\":{\"@id\":\"https:\\\/\\\/www.kotipaljakka.fi\\\/ru\\\/index.php\\\/paljakka-info\\\/#primaryimage\"},\"thumbnailUrl\":\"https:\\\/\\\/www.kotipaljakka.fi\\\/wp-content\\\/uploads\\\/2017\\\/11\\\/lampi-rinteen-juurella.jpg\",\"datePublished\":\"2017-11-17T16:16:11+00:00\",\"dateModified\":\"2017-12-06T19:56:34+00:00\",\"breadcrumb\":{\"@id\":\"https:\\\/\\\/www.kotipaljakka.fi\\\/ru\\\/index.php\\\/paljakka-info\\\/#breadcrumb\"},\"inLanguage\":\"en-US\",\"potentialAction\":[{\"@type\":\"ReadAction\",\"target\":[\"https:\\\/\\\/www.kotipaljakka.fi\\\/ru\\\/index.php\\\/paljakka-info\\\/\"]}]},{\"@type\":\"ImageObject\",\"inLanguage\":\"en-US\",\"@id\":\"https:\\\/\\\/www.kotipaljakka.fi\\\/ru\\\/index.php\\\/paljakka-info\\\/#primaryimage\",\"url\":\"https:\\\/\\\/www.kotipaljakka.fi\\\/wp-content\\\/uploads\\\/2017\\\/11\\\/lampi-rinteen-juurella.jpg\",\"contentUrl\":\"https:\\\/\\\/www.kotipaljakka.fi\\\/wp-content\\\/uploads\\\/2017\\\/11\\\/lampi-rinteen-juurella.jpg\"},{\"@type\":\"BreadcrumbList\",\"@id\":\"https:\\\/\\\/www.kotipaljakka.fi\\\/ru\\\/index.php\\\/paljakka-info\\\/#breadcrumb\",\"itemListElement\":[{\"@type\":\"ListItem\",\"position\":1,\"name\":\"Home\",\"item\":\"https:\\\/\\\/www.kotipaljakka.fi\\\/\"},{\"@type\":\"ListItem\",\"position\":2,\"name\":\"Paljakka info\"}]},{\"@type\":\"WebSite\",\"@id\":\"https:\\\/\\\/www.kotipaljakka.fi\\\/en\\\/#website\",\"url\":\"https:\\\/\\\/www.kotipaljakka.fi\\\/en\\\/\",\"name\":\"KOTIPALJAKKA\",\"description\":\"In Kainuunkorpi,Finland\",\"potentialAction\":[{\"@type\":\"SearchAction\",\"target\":{\"@type\":\"EntryPoint\",\"urlTemplate\":\"https:\\\/\\\/www.kotipaljakka.fi\\\/en\\\/?s={search_term_string}\"},\"query-input\":{\"@type\":\"PropertyValueSpecification\",\"valueRequired\":true,\"valueName\":\"search_term_string\"}}],\"inLanguage\":\"en-US\"}]}<\/script>\n<!-- \/ Yoast SEO plugin. -->","yoast_head_json":{"title":"Paljakka info - KOTIPALJAKKA","robots":{"index":"index","follow":"follow","max-snippet":"max-snippet:-1","max-image-preview":"max-image-preview:large","max-video-preview":"max-video-preview:-1"},"canonical":"https:\/\/www.kotipaljakka.fi\/ru\/index.php\/paljakka-info\/","og_locale":"en_US","og_type":"article","og_title":"Paljakka info - KOTIPALJAKKA","og_url":"https:\/\/www.kotipaljakka.fi\/ru\/index.php\/paljakka-info\/","og_site_name":"KOTIPALJAKKA","article_modified_time":"2017-12-06T19:56:34+00:00","og_image":[{"url":"https:\/\/www.kotipaljakka.fi\/wp-content\/uploads\/2017\/11\/lampi-rinteen-juurella.jpg","type":"","width":"","height":""}],"twitter_card":"summary_large_image","twitter_misc":{"Est. reading time":"4 minutes"},"schema":{"@context":"https:\/\/schema.org","@graph":[{"@type":"WebPage","@id":"https:\/\/www.kotipaljakka.fi\/ru\/index.php\/paljakka-info\/","url":"https:\/\/www.kotipaljakka.fi\/ru\/index.php\/paljakka-info\/","name":"Paljakka info - KOTIPALJAKKA","isPartOf":{"@id":"https:\/\/www.kotipaljakka.fi\/en\/#website"},"primaryImageOfPage":{"@id":"https:\/\/www.kotipaljakka.fi\/ru\/index.php\/paljakka-info\/#primaryimage"},"image":{"@id":"https:\/\/www.kotipaljakka.fi\/ru\/index.php\/paljakka-info\/#primaryimage"},"thumbnailUrl":"https:\/\/www.kotipaljakka.fi\/wp-content\/uploads\/2017\/11\/lampi-rinteen-juurella.jpg","datePublished":"2017-11-17T16:16:11+00:00","dateModified":"2017-12-06T19:56:34+00:00","breadcrumb":{"@id":"https:\/\/www.kotipaljakka.fi\/ru\/index.php\/paljakka-info\/#breadcrumb"},"inLanguage":"en-US","potentialAction":[{"@type":"ReadAction","target":["https:\/\/www.kotipaljakka.fi\/ru\/index.php\/paljakka-info\/"]}]},{"@type":"ImageObject","inLanguage":"en-US","@id":"https:\/\/www.kotipaljakka.fi\/ru\/index.php\/paljakka-info\/#primaryimage","url":"https:\/\/www.kotipaljakka.fi\/wp-content\/uploads\/2017\/11\/lampi-rinteen-juurella.jpg","contentUrl":"https:\/\/www.kotipaljakka.fi\/wp-content\/uploads\/2017\/11\/lampi-rinteen-juurella.jpg"},{"@type":"BreadcrumbList","@id":"https:\/\/www.kotipaljakka.fi\/ru\/index.php\/paljakka-info\/#breadcrumb","itemListElement":[{"@type":"ListItem","position":1,"name":"Home","item":"https:\/\/www.kotipaljakka.fi\/"},{"@type":"ListItem","position":2,"name":"Paljakka info"}]},{"@type":"WebSite","@id":"https:\/\/www.kotipaljakka.fi\/en\/#website","url":"https:\/\/www.kotipaljakka.fi\/en\/","name":"KOTIPALJAKKA","description":"In Kainuunkorpi,Finland","potentialAction":[{"@type":"SearchAction","target":{"@type":"EntryPoint","urlTemplate":"https:\/\/www.kotipaljakka.fi\/en\/?s={search_term_string}"},"query-input":{"@type":"PropertyValueSpecification","valueRequired":true,"valueName":"search_term_string"}}],"inLanguage":"en-US"}]}},"jetpack_sharing_enabled":true,"jetpack_shortlink":"https:\/\/wp.me\/P9plcg-A","jetpack_likes_enabled":false,"jetpack-related-posts":[],"_links":{"self":[{"href":"https:\/\/www.kotipaljakka.fi\/en\/index.php\/wp-json\/wp\/v2\/pages\/36","targetHints":{"allow":["GET"]}}],"collection":[{"href":"https:\/\/www.kotipaljakka.fi\/en\/index.php\/wp-json\/wp\/v2\/pages"}],"about":[{"href":"https:\/\/www.kotipaljakka.fi\/en\/index.php\/wp-json\/wp\/v2\/types\/page"}],"author":[{"embeddable":true,"href":"https:\/\/www.kotipaljakka.fi\/en\/index.php\/wp-json\/wp\/v2\/users\/1"}],"replies":[{"embeddable":true,"href":"https:\/\/www.kotipaljakka.fi\/en\/index.php\/wp-json\/wp\/v2\/comments?post=36"}],"version-history":[{"count":59,"href":"https:\/\/www.kotipaljakka.fi\/en\/index.php\/wp-json\/wp\/v2\/pages\/36\/revisions"}],"predecessor-version":[{"id":1675,"href":"https:\/\/www.kotipaljakka.fi\/en\/index.php\/wp-json\/wp\/v2\/pages\/36\/revisions\/1675"}],"wp:attachment":[{"href":"https:\/\/www.kotipaljakka.fi\/en\/index.php\/wp-json\/wp\/v2\/media?parent=36"}],"curies":[{"name":"wp","href":"https:\/\/api.w.org\/{rel}","templated":true}]}}