{"id":13,"date":"2017-11-17T17:23:37","date_gmt":"2017-11-17T17:23:37","guid":{"rendered":"https:\/\/www.kotipaljakka.fi\/?page_id=13"},"modified":"2023-12-04T21:06:02","modified_gmt":"2023-12-04T19:06:02","slug":"welcome","status":"publish","type":"page","link":"https:\/\/www.kotipaljakka.fi\/","title":{"rendered":"Welcome"},"content":{"rendered":"<h1><strong><em>Tervetuloa Paljakkaan, Kainuun vaaramaisemiin.<\/em><\/strong><\/h1>\n<p><img data-recalc-dims=\"1\" fetchpriority=\"high\" decoding=\"async\" width=\"640\" height=\"360\" data-attachment-id=\"764\" data-permalink=\"https:\/\/www.kotipaljakka.fi\/index.php\/welcome\/kp-ulkoa-a\/\" data-orig-file=\"https:\/\/i0.wp.com\/www.kotipaljakka.fi\/wp-content\/uploads\/2018\/01\/kp-ulkoa-a.jpg?fit=3840%2C2160&amp;ssl=1\" data-orig-size=\"3840,2160\" data-comments-opened=\"0\" data-image-meta=\"{&quot;aperture&quot;:&quot;2&quot;,&quot;credit&quot;:&quot;&quot;,&quot;camera&quot;:&quot;D5503&quot;,&quot;caption&quot;:&quot;&quot;,&quot;created_timestamp&quot;:&quot;1514109280&quot;,&quot;copyright&quot;:&quot;&quot;,&quot;focal_length&quot;:&quot;4.9&quot;,&quot;iso&quot;:&quot;250&quot;,&quot;shutter_speed&quot;:&quot;0.03125&quot;,&quot;title&quot;:&quot;&quot;,&quot;orientation&quot;:&quot;1&quot;}\" data-image-title=\"kp ulkoa a\" data-image-description=\"\" data-image-caption=\"\" data-large-file=\"https:\/\/i0.wp.com\/www.kotipaljakka.fi\/wp-content\/uploads\/2018\/01\/kp-ulkoa-a.jpg?fit=640%2C360&amp;ssl=1\" class=\"alignleft size-large wp-image-764\" src=\"https:\/\/i0.wp.com\/www.kotipaljakka.fi\/wp-content\/uploads\/2018\/01\/kp-ulkoa-a.jpg?resize=640%2C360&#038;ssl=1\" alt=\"\" srcset=\"https:\/\/i0.wp.com\/www.kotipaljakka.fi\/wp-content\/uploads\/2018\/01\/kp-ulkoa-a.jpg?resize=1024%2C576&amp;ssl=1 1024w, https:\/\/i0.wp.com\/www.kotipaljakka.fi\/wp-content\/uploads\/2018\/01\/kp-ulkoa-a.jpg?resize=300%2C169&amp;ssl=1 300w, https:\/\/i0.wp.com\/www.kotipaljakka.fi\/wp-content\/uploads\/2018\/01\/kp-ulkoa-a.jpg?resize=768%2C432&amp;ssl=1 768w, https:\/\/i0.wp.com\/www.kotipaljakka.fi\/wp-content\/uploads\/2018\/01\/kp-ulkoa-a.jpg?resize=100%2C56&amp;ssl=1 100w, https:\/\/i0.wp.com\/www.kotipaljakka.fi\/wp-content\/uploads\/2018\/01\/kp-ulkoa-a.jpg?w=1280&amp;ssl=1 1280w, https:\/\/i0.wp.com\/www.kotipaljakka.fi\/wp-content\/uploads\/2018\/01\/kp-ulkoa-a.jpg?w=1920&amp;ssl=1 1920w\" sizes=\"(max-width: 640px) 100vw, 640px\" \/>Kotipaljakkan kalustetuissa saunallisissa huoneistoissa voit majoittua ymp\u00e4ri vuoden. Valittavana 40m2 yksi\u00f6 tai 68m2 kolmio. Terassit ovat lounaaseen, eli iltap\u00e4iv\u00e4\/iltaauringon suuntaan ja n\u00e4kym\u00e4 on Rakennusj\u00e4rvelle, joka n.50m p\u00e4\u00e4ss\u00e4 rinteen alapuolella.\u00a0 Rantaa pitkin kulkee ulkoilureitti\/latu ja reitti\u00e4 150m l\u00e4nteen, eli kotipaljakasta katsoen oikealle,\u00a0 l\u00f6ytyy uimapaikka ja grillikota. Talvella voit laittaa sukset jalkaan pihalla ja hiiht\u00e4\u00e4 50m ladulle! Hiihtokeskus laskettelurinteineen, kalastuspuisto, Paljakkatalo (mm. elokuvateatteri, kuntosali, pikkukauppa) ovat alle 1km p\u00e4\u00e4ss\u00e4.<\/p>\n<p>Hiihtokeskus Paljakka tarjoaa matkailupalveluja, majoitusta, ohjelmapalveluja sek\u00e4 ruokailu- ja ruokapalveluja ymp\u00e4ri vuoden. Talvella laskettelun- ja lumilautailun lis\u00e4ksi on hyvin hoidetut hiihtoladut ja moottorikelkkareittej\u00e4 sek\u00e4 paksut hanget lumikenk\u00e4ilyyn ja j\u00e4rvien j\u00e4it\u00e4 pilkkimiseen. Kes\u00e4ll\u00e4 voit l\u00e4hte\u00e4 kanoottiretkille, ATV-safareille tai kalastaa, poimia sieni\u00e4 ja marjoja tai vaeltaa Paljakan kauniissa luonnossa. Mit\u00e4 haluatkin tehd\u00e4, viet\u00e4 Paljakassa on el\u00e4m\u00e4si loma. Tervetuloa!<\/p>\n<p>Voit my\u00f6s kysell\u00e4 asunnoista ja niiden vuokraamisesta meilt\u00e4 suoraan s\u00e4hk\u00f6postitse: <a href=\"mailto:info@kotipaljakka.fi\">info@kotipaljakka.fi<\/a><\/p>\n<p>tai p.0405731413<\/p>\n<div class=\"outer-wrapper site-style-2 right-sidebar\">\n<div class=\"boxed-wrapper\">\n<div class=\"content-wrapper-max-width content-wrapper clearfix\">\n<div class=\"main-content\">\n<p>Lyhytaikaiseen majoittumiseen asuntoja on 3 kappaletta: kaksi 2+2 hengen (alkaen 300,-\/vko) ja yksi kolmio 4+2 (alkaen 400,-\/vko) henkil\u00f6\u00e4 ja n\u00e4ist\u00e4 <a href=\"https:\/\/www.kotipaljakka.fi\/index.php\/rooms\/\">huoneistoista<\/a> l\u00f6yd\u00e4t helposti kuvia, pohjapiirroksen (layout) ja p\u00e4iv\u00e4 sek\u00e4 viikkohinnoittelun huoneen tietojen yhteydess\u00e4.<\/p>\n<p><iframe src=\"https:\/\/www.google.com\/maps\/embed?pb=!1m18!1m12!1m3!1d1706.2049456945106!2d27.93803331633603!3d64.68213367787985!2m3!1f0!2f0!3f0!3m2!1i1024!2i768!4f13.1!3m3!1m2!1s0x468274450794608d%3A0xca8cfcef8d4ba221!2sHoikanvaarantie+163%2C+89140+Puolanka!5e0!3m2!1sfi!2sfi!4v1511434553754\" width=\"600\" height=\"450\" frameborder=\"0\" allowfullscreen=\"allowfullscreen\" data-mce-fragment=\"1\"><\/iframe><\/p>\n<\/div>\n<\/div>\n<\/div>\n<\/div>\n","protected":false},"excerpt":{"rendered":"<p>Tervetuloa Paljakkaan, Kainuun vaaramaisemiin. Kotipaljakkan kalustetuissa saunallisissa huoneistoissa voit majoittua ymp\u00e4ri vuoden. Valittavana 40m2 yksi\u00f6 tai 68m2 kolmio. Terassit ovat lounaaseen, eli iltap\u00e4iv\u00e4\/iltaauringon suuntaan ja n\u00e4kym\u00e4 on Rakennusj\u00e4rvelle, joka n.50m p\u00e4\u00e4ss\u00e4 rinteen alapuolella.\u00a0 Rantaa pitkin kulkee ulkoilureitti\/latu ja reitti\u00e4 150m l\u00e4nteen, eli kotipaljakasta katsoen oikealle,\u00a0 l\u00f6ytyy uimapaikka ja grillikota. Talvella voit laittaa sukset jalkaan pihalla [&hellip;]<\/p>\n","protected":false},"author":1,"featured_media":0,"parent":0,"menu_order":0,"comment_status":"closed","ping_status":"closed","template":"","meta":{"jetpack_post_was_ever_published":false,"footnotes":""},"class_list":["post-13","page","type-page","status-publish","hentry"],"translation":{"provider":"WPGlobus","version":"3.0.2","language":"fi","enabled_languages":["fi","en","ru"],"languages":{"fi":{"title":true,"content":true,"excerpt":false},"en":{"title":false,"content":true,"excerpt":false},"ru":{"title":false,"content":true,"excerpt":false}}},"yoast_head":"<!-- This site is optimized with the Yoast SEO plugin v27.4 - https:\/\/yoast.com\/product\/yoast-seo-wordpress\/ -->\n<title>Kotipaljakka on kahden rivitalon kokonaisuus paljakan alueelta.<\/title>\n<meta name=\"description\" content=\"Kotipaljakka tarjoaa laadukkaita loma-asuntoja keskelt\u00e4 ihanaa kainuun luontoa. Kotipaljakka on kahden rivitalon majoituskokonaisuus.\" \/>\n<meta name=\"robots\" content=\"index, follow, max-snippet:-1, max-image-preview:large, max-video-preview:-1\" \/>\n<link rel=\"canonical\" href=\"https:\/\/www.kotipaljakka.fi\/\" \/>\n<meta property=\"og:locale\" content=\"fi_FI\" \/>\n<meta property=\"og:type\" content=\"article\" \/>\n<meta property=\"og:title\" content=\"Kotipaljakka on kahden rivitalon kokonaisuus paljakan alueelta.\" \/>\n<meta property=\"og:description\" content=\"Kotipaljakka tarjoaa laadukkaita loma-asuntoja keskelt\u00e4 ihanaa kainuun luontoa. Kotipaljakka on kahden rivitalon majoituskokonaisuus.\" \/>\n<meta property=\"og:url\" content=\"https:\/\/www.kotipaljakka.fi\/\" \/>\n<meta property=\"og:site_name\" content=\"KOTIPALJAKKA\" \/>\n<meta property=\"article:modified_time\" content=\"2023-12-04T19:06:02+00:00\" \/>\n<meta property=\"og:image\" content=\"https:\/\/www.kotipaljakka.fi\/wp-content\/uploads\/2018\/01\/kp-ulkoa-a-1024x576.jpg\" \/>\n<meta name=\"twitter:card\" content=\"summary_large_image\" \/>\n<meta name=\"twitter:label1\" content=\"Arvioitu lukuaika\" \/>\n\t<meta name=\"twitter:data1\" content=\"3 minuuttia\" \/>\n<script type=\"application\/ld+json\" class=\"yoast-schema-graph\">{\"@context\":\"https:\\\/\\\/schema.org\",\"@graph\":[{\"@type\":\"WebPage\",\"@id\":\"https:\\\/\\\/www.kotipaljakka.fi\\\/\",\"url\":\"https:\\\/\\\/www.kotipaljakka.fi\\\/\",\"name\":\"Kotipaljakka on kahden rivitalon kokonaisuus paljakan alueelta.\",\"isPartOf\":{\"@id\":\"https:\\\/\\\/www.kotipaljakka.fi\\\/en\\\/#website\"},\"primaryImageOfPage\":{\"@id\":\"https:\\\/\\\/www.kotipaljakka.fi\\\/#primaryimage\"},\"image\":{\"@id\":\"https:\\\/\\\/www.kotipaljakka.fi\\\/#primaryimage\"},\"thumbnailUrl\":\"https:\\\/\\\/www.kotipaljakka.fi\\\/wp-content\\\/uploads\\\/2018\\\/01\\\/kp-ulkoa-a-1024x576.jpg\",\"datePublished\":\"2017-11-17T17:23:37+00:00\",\"dateModified\":\"2023-12-04T19:06:02+00:00\",\"description\":\"Kotipaljakka tarjoaa laadukkaita loma-asuntoja keskelt\u00e4 ihanaa kainuun luontoa. Kotipaljakka on kahden rivitalon majoituskokonaisuus.\",\"breadcrumb\":{\"@id\":\"https:\\\/\\\/www.kotipaljakka.fi\\\/#breadcrumb\"},\"inLanguage\":\"fi\",\"potentialAction\":[{\"@type\":\"ReadAction\",\"target\":[\"https:\\\/\\\/www.kotipaljakka.fi\\\/\"]}]},{\"@type\":\"ImageObject\",\"inLanguage\":\"fi\",\"@id\":\"https:\\\/\\\/www.kotipaljakka.fi\\\/#primaryimage\",\"url\":\"https:\\\/\\\/i0.wp.com\\\/www.kotipaljakka.fi\\\/wp-content\\\/uploads\\\/2018\\\/01\\\/kp-ulkoa-a.jpg?fit=3840%2C2160&ssl=1\",\"contentUrl\":\"https:\\\/\\\/i0.wp.com\\\/www.kotipaljakka.fi\\\/wp-content\\\/uploads\\\/2018\\\/01\\\/kp-ulkoa-a.jpg?fit=3840%2C2160&ssl=1\",\"width\":3840,\"height\":2160},{\"@type\":\"BreadcrumbList\",\"@id\":\"https:\\\/\\\/www.kotipaljakka.fi\\\/#breadcrumb\",\"itemListElement\":[{\"@type\":\"ListItem\",\"position\":1,\"name\":\"Home\",\"item\":\"https:\\\/\\\/www.kotipaljakka.fi\\\/\"},{\"@type\":\"ListItem\",\"position\":2,\"name\":\"Welcome\"}]},{\"@type\":\"WebSite\",\"@id\":\"https:\\\/\\\/www.kotipaljakka.fi\\\/en\\\/#website\",\"url\":\"https:\\\/\\\/www.kotipaljakka.fi\\\/en\\\/\",\"name\":\"KOTIPALJAKKA\",\"description\":\"In Kainuunkorpi,Finland\",\"potentialAction\":[{\"@type\":\"SearchAction\",\"target\":{\"@type\":\"EntryPoint\",\"urlTemplate\":\"https:\\\/\\\/www.kotipaljakka.fi\\\/en\\\/?s={search_term_string}\"},\"query-input\":{\"@type\":\"PropertyValueSpecification\",\"valueRequired\":true,\"valueName\":\"search_term_string\"}}],\"inLanguage\":\"fi\"}]}<\/script>\n<!-- \/ Yoast SEO plugin. -->","yoast_head_json":{"title":"Kotipaljakka on kahden rivitalon kokonaisuus paljakan alueelta.","description":"Kotipaljakka tarjoaa laadukkaita loma-asuntoja keskelt\u00e4 ihanaa kainuun luontoa. Kotipaljakka on kahden rivitalon majoituskokonaisuus.","robots":{"index":"index","follow":"follow","max-snippet":"max-snippet:-1","max-image-preview":"max-image-preview:large","max-video-preview":"max-video-preview:-1"},"canonical":"https:\/\/www.kotipaljakka.fi\/","og_locale":"fi_FI","og_type":"article","og_title":"Kotipaljakka on kahden rivitalon kokonaisuus paljakan alueelta.","og_description":"Kotipaljakka tarjoaa laadukkaita loma-asuntoja keskelt\u00e4 ihanaa kainuun luontoa. Kotipaljakka on kahden rivitalon majoituskokonaisuus.","og_url":"https:\/\/www.kotipaljakka.fi\/","og_site_name":"KOTIPALJAKKA","article_modified_time":"2023-12-04T19:06:02+00:00","og_image":[{"url":"https:\/\/www.kotipaljakka.fi\/wp-content\/uploads\/2018\/01\/kp-ulkoa-a-1024x576.jpg","type":"","width":"","height":""}],"twitter_card":"summary_large_image","twitter_misc":{"Arvioitu lukuaika":"3 minuuttia"},"schema":{"@context":"https:\/\/schema.org","@graph":[{"@type":"WebPage","@id":"https:\/\/www.kotipaljakka.fi\/","url":"https:\/\/www.kotipaljakka.fi\/","name":"Kotipaljakka on kahden rivitalon kokonaisuus paljakan alueelta.","isPartOf":{"@id":"https:\/\/www.kotipaljakka.fi\/en\/#website"},"primaryImageOfPage":{"@id":"https:\/\/www.kotipaljakka.fi\/#primaryimage"},"image":{"@id":"https:\/\/www.kotipaljakka.fi\/#primaryimage"},"thumbnailUrl":"https:\/\/www.kotipaljakka.fi\/wp-content\/uploads\/2018\/01\/kp-ulkoa-a-1024x576.jpg","datePublished":"2017-11-17T17:23:37+00:00","dateModified":"2023-12-04T19:06:02+00:00","description":"Kotipaljakka tarjoaa laadukkaita loma-asuntoja keskelt\u00e4 ihanaa kainuun luontoa. Kotipaljakka on kahden rivitalon majoituskokonaisuus.","breadcrumb":{"@id":"https:\/\/www.kotipaljakka.fi\/#breadcrumb"},"inLanguage":"fi","potentialAction":[{"@type":"ReadAction","target":["https:\/\/www.kotipaljakka.fi\/"]}]},{"@type":"ImageObject","inLanguage":"fi","@id":"https:\/\/www.kotipaljakka.fi\/#primaryimage","url":"https:\/\/i0.wp.com\/www.kotipaljakka.fi\/wp-content\/uploads\/2018\/01\/kp-ulkoa-a.jpg?fit=3840%2C2160&ssl=1","contentUrl":"https:\/\/i0.wp.com\/www.kotipaljakka.fi\/wp-content\/uploads\/2018\/01\/kp-ulkoa-a.jpg?fit=3840%2C2160&ssl=1","width":3840,"height":2160},{"@type":"BreadcrumbList","@id":"https:\/\/www.kotipaljakka.fi\/#breadcrumb","itemListElement":[{"@type":"ListItem","position":1,"name":"Home","item":"https:\/\/www.kotipaljakka.fi\/"},{"@type":"ListItem","position":2,"name":"Welcome"}]},{"@type":"WebSite","@id":"https:\/\/www.kotipaljakka.fi\/en\/#website","url":"https:\/\/www.kotipaljakka.fi\/en\/","name":"KOTIPALJAKKA","description":"In Kainuunkorpi,Finland","potentialAction":[{"@type":"SearchAction","target":{"@type":"EntryPoint","urlTemplate":"https:\/\/www.kotipaljakka.fi\/en\/?s={search_term_string}"},"query-input":{"@type":"PropertyValueSpecification","valueRequired":true,"valueName":"search_term_string"}}],"inLanguage":"fi"}]}},"jetpack_sharing_enabled":true,"jetpack_shortlink":"https:\/\/wp.me\/P9plcg-d","jetpack_likes_enabled":false,"jetpack-related-posts":[],"_links":{"self":[{"href":"https:\/\/www.kotipaljakka.fi\/index.php\/wp-json\/wp\/v2\/pages\/13","targetHints":{"allow":["GET"]}}],"collection":[{"href":"https:\/\/www.kotipaljakka.fi\/index.php\/wp-json\/wp\/v2\/pages"}],"about":[{"href":"https:\/\/www.kotipaljakka.fi\/index.php\/wp-json\/wp\/v2\/types\/page"}],"author":[{"embeddable":true,"href":"https:\/\/www.kotipaljakka.fi\/index.php\/wp-json\/wp\/v2\/users\/1"}],"replies":[{"embeddable":true,"href":"https:\/\/www.kotipaljakka.fi\/index.php\/wp-json\/wp\/v2\/comments?post=13"}],"version-history":[{"count":40,"href":"https:\/\/www.kotipaljakka.fi\/index.php\/wp-json\/wp\/v2\/pages\/13\/revisions"}],"predecessor-version":[{"id":3079,"href":"https:\/\/www.kotipaljakka.fi\/index.php\/wp-json\/wp\/v2\/pages\/13\/revisions\/3079"}],"wp:attachment":[{"href":"https:\/\/www.kotipaljakka.fi\/index.php\/wp-json\/wp\/v2\/media?parent=13"}],"curies":[{"name":"wp","href":"https:\/\/api.w.org\/{rel}","templated":true}]}}